{"id":249,"date":"2026-01-07T17:39:35","date_gmt":"2026-01-07T17:39:35","guid":{"rendered":"https:\/\/jafra70.com\/bienvenida\/"},"modified":"2026-04-01T20:48:11","modified_gmt":"2026-04-01T20:48:11","slug":"bienvenida","status":"publish","type":"page","link":"https:\/\/jafra70.com\/es\/","title":{"rendered":"Bienvenida"},"content":{"rendered":"\t\t<div data-elementor-type=\"wp-page\" data-elementor-id=\"249\" class=\"elementor elementor-249 elementor-6\" data-elementor-post-type=\"page\">\n\t\t\t\t<div class=\"elementor-element elementor-element-32c124d e-flex e-con-boxed e-con e-parent\" data-id=\"32c124d\" data-element_type=\"container\" data-settings=\"{&quot;background_background&quot;:&quot;classic&quot;}\">\n\t\t\t\t\t<div class=\"e-con-inner\">\n\t\t<div class=\"elementor-element elementor-element-836a710 e-con-full e-flex e-con e-child\" data-id=\"836a710\" data-element_type=\"container\">\n\t\t\t\t<div class=\"elementor-element elementor-element-63d8e6e elementor-widget elementor-widget-heading\" data-id=\"63d8e6e\" data-element_type=\"widget\" data-widget_type=\"heading.default\">\n\t\t\t\t\t<h1 class=\"elementor-heading-title elementor-size-default\">\u00a1Tu a\u00f1o imparable comienza aqu\u00ed!<\/h1>\t\t\t\t<\/div>\n\t\t\t\t<div class=\"elementor-element elementor-element-803badf elementor-widget elementor-widget-heading\" data-id=\"803badf\" data-element_type=\"widget\" data-widget_type=\"heading.default\">\n\t\t\t\t\t<h3 class=\"elementor-heading-title elementor-size-default\">\u00danete al legado que nunca se detiene.<\/h3>\t\t\t\t<\/div>\n\t\t\t\t<div class=\"elementor-element elementor-element-62cdf13 elementor-widget elementor-widget-heading\" data-id=\"62cdf13\" data-element_type=\"widget\" data-widget_type=\"heading.default\">\n\t\t\t\t\t<h3 class=\"elementor-heading-title elementor-size-default\">Convenci\u00f3n Nacional de JAFRA 2026<\/h3>\t\t\t\t<\/div>\n\t\t\t\t<div class=\"elementor-element elementor-element-ba1c448 elementor-widget elementor-widget-text-editor\" data-id=\"ba1c448\" data-element_type=\"widget\" data-widget_type=\"text-editor.default\">\n\t\t\t\t\t\t\t\t\t<p>4\u20136 de agosto de 2026<br>Hilton Los Angeles \u2013 Universal City<br>Universal Studios<\/p>\t\t\t\t\t\t\t\t<\/div>\n\t\t\t\t<\/div>\n\t\t<div class=\"elementor-element elementor-element-11375e9 e-con-full e-flex e-con e-child\" data-id=\"11375e9\" data-element_type=\"container\">\n\t\t\t\t<div class=\"elementor-element elementor-element-4981d62 elementor-align-center elementor-widget elementor-widget-button\" data-id=\"4981d62\" data-element_type=\"widget\" data-widget_type=\"button.default\">\n\t\t\t\t\t\t\t\t\t\t<a class=\"elementor-button elementor-button-link elementor-size-sm\" href=\"https:\/\/registration-jafra70.com\/register-form\/es\/steep-one\">\n\t\t\t\t\t\t<span class=\"elementor-button-content-wrapper\">\n\t\t\t\t\t\t\t\t\t<span class=\"elementor-button-text\">\u00a1Reg\u00edstrate ahora!<\/span>\n\t\t\t\t\t<\/span>\n\t\t\t\t\t<\/a>\n\t\t\t\t\t\t\t\t<\/div>\n\t\t\t\t<\/div>\n\t\t\t\t\t<\/div>\n\t\t\t\t<\/div>\n\t\t<div class=\"elementor-element elementor-element-4ae9da9 e-flex e-con-boxed e-con e-parent\" data-id=\"4ae9da9\" data-element_type=\"container\" data-settings=\"{&quot;background_background&quot;:&quot;classic&quot;}\">\n\t\t\t\t\t<div class=\"e-con-inner\">\n\t\t<div class=\"elementor-element elementor-element-c3bffdc e-con-full e-flex e-con e-child\" data-id=\"c3bffdc\" data-element_type=\"container\">\n\t\t\t\t<div class=\"elementor-element elementor-element-e4c2b40 elementor-widget elementor-widget-image\" data-id=\"e4c2b40\" data-element_type=\"widget\" data-widget_type=\"image.default\">\n\t\t\t\t\t\t\t\t\t\t\t\t\t\t\t<img fetchpriority=\"high\" decoding=\"async\" width=\"1080\" height=\"721\" src=\"https:\/\/jafra70.com\/wp-content\/uploads\/2026\/04\/General-02-1.png\" class=\"attachment-full size-full wp-image-696\" alt=\"\" srcset=\"https:\/\/jafra70.com\/wp-content\/uploads\/2026\/04\/General-02-1.png 1080w, https:\/\/jafra70.com\/wp-content\/uploads\/2026\/04\/General-02-1-300x200.png 300w, https:\/\/jafra70.com\/wp-content\/uploads\/2026\/04\/General-02-1-1024x684.png 1024w, https:\/\/jafra70.com\/wp-content\/uploads\/2026\/04\/General-02-1-768x513.png 768w\" sizes=\"(max-width: 1080px) 100vw, 1080px\" \/>\t\t\t\t\t\t\t\t\t\t\t\t\t\t\t<\/div>\n\t\t\t\t<\/div>\n\t\t<div class=\"elementor-element elementor-element-8f525f1 e-con-full e-flex e-con e-child\" data-id=\"8f525f1\" data-element_type=\"container\">\n\t\t\t\t<div class=\"elementor-element elementor-element-ca55b67 elementor-widget elementor-widget-heading\" data-id=\"ca55b67\" data-element_type=\"widget\" data-widget_type=\"heading.default\">\n\t\t\t\t\t<h1 class=\"elementor-heading-title elementor-size-default\">Celebrando\n<br>70 a\u00f1os de JAFRA<\/h1>\t\t\t\t<\/div>\n\t\t\t\t<div class=\"elementor-element elementor-element-35f26a0 elementor-widget elementor-widget-text-editor\" data-id=\"35f26a0\" data-element_type=\"widget\" data-widget_type=\"text-editor.default\">\n\t\t\t\t\t\t\t\t\t<p>Vive nuestra celebraci\u00f3n con <strong>acceso exclusivo a un evento privado en Universal Studios Hollywood.<\/strong><\/p>\t\t\t\t\t\t\t\t<\/div>\n\t\t\t\t<div class=\"elementor-element elementor-element-343c613 elementor-widget elementor-widget-text-editor\" data-id=\"343c613\" data-element_type=\"widget\" data-widget_type=\"text-editor.default\">\n\t\t\t\t\t\t\t\t\t<p>Disfruta de acceso completo al parque, sin filas y una noche inolvidable reservada exclusivamente para asistentes de JAFRA.<br>Adem\u00e1s, \u00fanete a nosotros en Los \u00c1ngeles, California, para un programa especial dise\u00f1ado para inspirar, conectar y celebrar.<\/p>\t\t\t\t\t\t\t\t<\/div>\n\t\t\t\t<\/div>\n\t\t\t\t\t<\/div>\n\t\t\t\t<\/div>\n\t\t<div class=\"elementor-element elementor-element-23dddd9 e-flex e-con-boxed e-con e-parent\" data-id=\"23dddd9\" data-element_type=\"container\" data-settings=\"{&quot;background_background&quot;:&quot;video&quot;,&quot;background_video_link&quot;:&quot;https:\\\/\\\/www.youtube.com\\\/watch?v=EdwvZrmBi24&quot;,&quot;background_video_start&quot;:1,&quot;background_video_end&quot;:53,&quot;background_play_on_mobile&quot;:&quot;yes&quot;}\">\n\t\t\t\t\t<div class=\"e-con-inner\">\n\t\t<div class=\"elementor-background-video-container\" aria-hidden=\"true\">\n\t\t\t\t\t\t\t<div class=\"elementor-background-video-embed\"><\/div>\n\t\t\t\t\t\t<\/div>\t\t\t<\/div>\n\t\t\t\t<\/div>\n\t\t<div class=\"elementor-element elementor-element-d6c2ad4 e-flex e-con-boxed e-con e-parent\" data-id=\"d6c2ad4\" data-element_type=\"container\" data-settings=\"{&quot;background_background&quot;:&quot;classic&quot;}\">\n\t\t\t\t\t<div class=\"e-con-inner\">\n\t\t\t\t<div class=\"elementor-element elementor-element-e296b3a elementor-widget elementor-widget-heading\" data-id=\"e296b3a\" data-element_type=\"widget\" data-widget_type=\"heading.default\">\n\t\t\t\t\t<h2 class=\"elementor-heading-title elementor-size-default\">Lo imparable te llama. Nos vemos en <\/h2>\t\t\t\t<\/div>\n\t\t\t\t<div class=\"elementor-element elementor-element-0616be4 elementor-widget elementor-widget-heading\" data-id=\"0616be4\" data-element_type=\"widget\" data-widget_type=\"heading.default\">\n\t\t\t\t\t<h1 class=\"elementor-heading-title elementor-size-default\">Hilton Los Angeles \u2013 Universal City<\/h1>\t\t\t\t<\/div>\n\t\t\t\t<div class=\"elementor-element elementor-element-39e430f elementor-align-left elementor-widget elementor-widget-button\" data-id=\"39e430f\" data-element_type=\"widget\" data-widget_type=\"button.default\">\n\t\t\t\t\t\t\t\t\t\t<a class=\"elementor-button elementor-button-link elementor-size-sm\" href=\"https:\/\/jafra70.com\/es\/destino\/\">\n\t\t\t\t\t\t<span class=\"elementor-button-content-wrapper\">\n\t\t\t\t\t\t\t\t\t<span class=\"elementor-button-text\">Destino<\/span>\n\t\t\t\t\t<\/span>\n\t\t\t\t\t<\/a>\n\t\t\t\t\t\t\t\t<\/div>\n\t\t\t\t\t<\/div>\n\t\t\t\t<\/div>\n\t\t<div class=\"elementor-element elementor-element-602a314 e-flex e-con-boxed e-con e-parent\" data-id=\"602a314\" data-element_type=\"container\" data-settings=\"{&quot;background_background&quot;:&quot;slideshow&quot;,&quot;background_slideshow_gallery&quot;:[{&quot;id&quot;:256,&quot;url&quot;:&quot;https:\\\/\\\/jafra70.com\\\/wp-content\\\/uploads\\\/2026\\\/01\\\/home-backgound-2.jpg&quot;},{&quot;id&quot;:257,&quot;url&quot;:&quot;https:\\\/\\\/jafra70.com\\\/wp-content\\\/uploads\\\/2026\\\/01\\\/home-backgound-3.jpg&quot;},{&quot;id&quot;:258,&quot;url&quot;:&quot;https:\\\/\\\/jafra70.com\\\/wp-content\\\/uploads\\\/2026\\\/01\\\/home-backgound-4.jpg&quot;},{&quot;id&quot;:259,&quot;url&quot;:&quot;https:\\\/\\\/jafra70.com\\\/wp-content\\\/uploads\\\/2026\\\/01\\\/home-backgound-5.jpg&quot;},{&quot;id&quot;:260,&quot;url&quot;:&quot;https:\\\/\\\/jafra70.com\\\/wp-content\\\/uploads\\\/2026\\\/01\\\/home-backgound-6.jpg&quot;}],&quot;background_slideshow_lazyload&quot;:&quot;yes&quot;,&quot;background_slideshow_ken_burns&quot;:&quot;yes&quot;,&quot;background_slideshow_loop&quot;:&quot;yes&quot;,&quot;background_slideshow_slide_duration&quot;:5000,&quot;background_slideshow_slide_transition&quot;:&quot;fade&quot;,&quot;background_slideshow_transition_duration&quot;:500,&quot;background_slideshow_ken_burns_zoom_direction&quot;:&quot;in&quot;}\">\n\t\t\t\t\t<div class=\"e-con-inner\">\n\t\t\t\t<div class=\"elementor-element elementor-element-90821a8 elementor-align-center elementor-widget elementor-widget-button\" data-id=\"90821a8\" data-element_type=\"widget\" data-widget_type=\"button.default\">\n\t\t\t\t\t\t\t\t\t\t<a class=\"elementor-button elementor-button-link elementor-size-sm\" href=\"https:\/\/jafra70.com\/es\/hotel\/\">\n\t\t\t\t\t\t<span class=\"elementor-button-content-wrapper\">\n\t\t\t\t\t\t\t\t\t<span class=\"elementor-button-text\">Informaci\u00f3n del hotel<\/span>\n\t\t\t\t\t<\/span>\n\t\t\t\t\t<\/a>\n\t\t\t\t\t\t\t\t<\/div>\n\t\t\t\t\t<\/div>\n\t\t\t\t<\/div>\n\t\t<div class=\"elementor-element elementor-element-de485e4 e-flex e-con-boxed e-con e-parent\" data-id=\"de485e4\" data-element_type=\"container\" data-settings=\"{&quot;background_background&quot;:&quot;classic&quot;}\">\n\t\t\t\t\t<div class=\"e-con-inner\">\n\t\t\t\t<div class=\"elementor-element elementor-element-7b8738c elementor-widget elementor-widget-text-editor\" data-id=\"7b8738c\" data-element_type=\"widget\" data-widget_type=\"text-editor.default\">\n\t\t\t\t\t\t\t\t\t<p>Tres d\u00edas de sesiones, ideas y experiencias dise\u00f1adas para inspirar y celebrar.<\/p>\t\t\t\t\t\t\t\t<\/div>\n\t\t\t\t<div class=\"elementor-element elementor-element-64d4fdf elementor-widget elementor-widget-heading\" data-id=\"64d4fdf\" data-element_type=\"widget\" data-widget_type=\"heading.default\">\n\t\t\t\t\t<h1 class=\"elementor-heading-title elementor-size-default\">4\u20136 de agosto de 2026<\/h1>\t\t\t\t<\/div>\n\t\t\t\t<div class=\"elementor-element elementor-element-87d7573 elementor-align-center elementor-widget elementor-widget-button\" data-id=\"87d7573\" data-element_type=\"widget\" data-widget_type=\"button.default\">\n\t\t\t\t\t\t\t\t\t\t<a class=\"elementor-button elementor-button-link elementor-size-sm\" href=\"https:\/\/jafra70.com\/es\/inscripcion\/\">\n\t\t\t\t\t\t<span class=\"elementor-button-content-wrapper\">\n\t\t\t\t\t\t\t\t\t<span class=\"elementor-button-text\">Inscripci\u00f3n<\/span>\n\t\t\t\t\t<\/span>\n\t\t\t\t\t<\/a>\n\t\t\t\t\t\t\t\t<\/div>\n\t\t\t\t\t<\/div>\n\t\t\t\t<\/div>\n\t\t<div class=\"elementor-element elementor-element-c32aea5 e-flex e-con-boxed e-con e-parent\" data-id=\"c32aea5\" data-element_type=\"container\" data-settings=\"{&quot;background_background&quot;:&quot;classic&quot;}\">\n\t\t\t\t\t<div class=\"e-con-inner\">\n\t\t<div class=\"elementor-element elementor-element-1c8a95c e-con-full e-flex e-con e-child\" data-id=\"1c8a95c\" data-element_type=\"container\">\n\t\t<div class=\"elementor-element elementor-element-e69ca82 e-con-full e-flex e-con e-child\" data-id=\"e69ca82\" data-element_type=\"container\">\n\t\t\t\t<div class=\"elementor-element elementor-element-110640e animated-slow elementor-invisible elementor-widget elementor-widget-image\" data-id=\"110640e\" data-element_type=\"widget\" data-settings=\"{&quot;_animation&quot;:&quot;fadeIn&quot;}\" data-widget_type=\"image.default\">\n\t\t\t\t\t\t\t\t\t\t\t\t\t\t\t<img decoding=\"async\" width=\"768\" height=\"1024\" src=\"https:\/\/jafra70.com\/wp-content\/uploads\/2026\/01\/home_sesiones-inspiradoras.jpg\" class=\"attachment-large size-large wp-image-266\" alt=\"\" srcset=\"https:\/\/jafra70.com\/wp-content\/uploads\/2026\/01\/home_sesiones-inspiradoras.jpg 768w, https:\/\/jafra70.com\/wp-content\/uploads\/2026\/01\/home_sesiones-inspiradoras-225x300.jpg 225w\" sizes=\"(max-width: 768px) 100vw, 768px\" \/>\t\t\t\t\t\t\t\t\t\t\t\t\t\t\t<\/div>\n\t\t\t\t<\/div>\n\t\t<div class=\"elementor-element elementor-element-391a08a e-con-full e-flex e-con e-child\" data-id=\"391a08a\" data-element_type=\"container\">\n\t\t\t\t<div class=\"elementor-element elementor-element-eac0dde animated-slow elementor-invisible elementor-widget elementor-widget-image\" data-id=\"eac0dde\" data-element_type=\"widget\" data-settings=\"{&quot;_animation&quot;:&quot;fadeIn&quot;}\" data-widget_type=\"image.default\">\n\t\t\t\t\t\t\t\t\t\t\t\t\t\t\t<img decoding=\"async\" width=\"768\" height=\"1024\" src=\"https:\/\/jafra70.com\/wp-content\/uploads\/2026\/01\/home_adelantos-exclusivos.jpg\" class=\"attachment-large size-large wp-image-267\" alt=\"\" srcset=\"https:\/\/jafra70.com\/wp-content\/uploads\/2026\/01\/home_adelantos-exclusivos.jpg 768w, https:\/\/jafra70.com\/wp-content\/uploads\/2026\/01\/home_adelantos-exclusivos-225x300.jpg 225w\" sizes=\"(max-width: 768px) 100vw, 768px\" \/>\t\t\t\t\t\t\t\t\t\t\t\t\t\t\t<\/div>\n\t\t\t\t<\/div>\n\t\t<div class=\"elementor-element elementor-element-f41a2ad e-con-full e-flex e-con e-child\" data-id=\"f41a2ad\" data-element_type=\"container\">\n\t\t\t\t<div class=\"elementor-element elementor-element-02f02bc animated-slow elementor-invisible elementor-widget elementor-widget-image\" data-id=\"02f02bc\" data-element_type=\"widget\" data-settings=\"{&quot;_animation&quot;:&quot;fadeIn&quot;}\" data-widget_type=\"image.default\">\n\t\t\t\t\t\t\t\t\t\t\t\t\t\t\t<img loading=\"lazy\" decoding=\"async\" width=\"768\" height=\"1024\" src=\"https:\/\/jafra70.com\/wp-content\/uploads\/2026\/01\/home_experiencias-inolvidables.jpg\" class=\"attachment-large size-large wp-image-265\" alt=\"\" srcset=\"https:\/\/jafra70.com\/wp-content\/uploads\/2026\/01\/home_experiencias-inolvidables.jpg 768w, https:\/\/jafra70.com\/wp-content\/uploads\/2026\/01\/home_experiencias-inolvidables-225x300.jpg 225w\" sizes=\"(max-width: 768px) 100vw, 768px\" \/>\t\t\t\t\t\t\t\t\t\t\t\t\t\t\t<\/div>\n\t\t\t\t<\/div>\n\t\t\t\t<\/div>\n\t\t<div class=\"elementor-element elementor-element-78ee144 e-con-full e-flex e-con e-child\" data-id=\"78ee144\" data-element_type=\"container\">\n\t\t\t\t<div class=\"elementor-element elementor-element-19748f0 elementor-align-center elementor-widget elementor-widget-button\" data-id=\"19748f0\" data-element_type=\"widget\" data-widget_type=\"button.default\">\n\t\t\t\t\t\t\t\t\t\t<a class=\"elementor-button elementor-button-link elementor-size-sm\" href=\"https:\/\/jafra70.com\/es\/programa\/\">\n\t\t\t\t\t\t<span class=\"elementor-button-content-wrapper\">\n\t\t\t\t\t\t\t\t\t<span class=\"elementor-button-text\">Explora la agenda<\/span>\n\t\t\t\t\t<\/span>\n\t\t\t\t\t<\/a>\n\t\t\t\t\t\t\t\t<\/div>\n\t\t\t\t<\/div>\n\t\t\t\t\t<\/div>\n\t\t\t\t<\/div>\n\t\t<div class=\"elementor-element elementor-element-1dd01e8 e-flex e-con-boxed e-con e-parent\" data-id=\"1dd01e8\" data-element_type=\"container\" data-settings=\"{&quot;background_background&quot;:&quot;classic&quot;}\">\n\t\t\t\t\t<div class=\"e-con-inner\">\n\t\t<div class=\"elementor-element elementor-element-6ac30fc e-con-full e-flex e-con e-child\" data-id=\"6ac30fc\" data-element_type=\"container\">\n\t\t\t\t<div class=\"elementor-element elementor-element-a77e20f elementor-widget elementor-widget-heading\" data-id=\"a77e20f\" data-element_type=\"widget\" data-widget_type=\"heading.default\">\n\t\t\t\t\t<h1 class=\"elementor-heading-title elementor-size-default\">Ponentes<\/h1>\t\t\t\t<\/div>\n\t\t\t\t<\/div>\n\t\t<div class=\"elementor-element elementor-element-81ac3f6 e-con-full e-flex e-con e-child\" data-id=\"81ac3f6\" data-element_type=\"container\">\n\t\t<div class=\"elementor-element elementor-element-942fbeb e-con-full e-flex e-con e-child\" data-id=\"942fbeb\" data-element_type=\"container\">\n\t\t\t\t<div class=\"elementor-element elementor-element-b325684 animated-slow elementor-invisible elementor-widget elementor-widget-image\" data-id=\"b325684\" data-element_type=\"widget\" data-settings=\"{&quot;_animation&quot;:&quot;fadeIn&quot;}\" data-widget_type=\"image.default\">\n\t\t\t\t\t\t\t\t\t\t\t\t\t\t\t<img loading=\"lazy\" decoding=\"async\" width=\"800\" height=\"800\" src=\"https:\/\/jafra70.com\/wp-content\/uploads\/2026\/01\/speakers-jafra-70_andres-campos.png\" class=\"attachment-large size-large wp-image-273\" alt=\"\" srcset=\"https:\/\/jafra70.com\/wp-content\/uploads\/2026\/01\/speakers-jafra-70_andres-campos.png 800w, https:\/\/jafra70.com\/wp-content\/uploads\/2026\/01\/speakers-jafra-70_andres-campos-300x300.png 300w, https:\/\/jafra70.com\/wp-content\/uploads\/2026\/01\/speakers-jafra-70_andres-campos-150x150.png 150w, https:\/\/jafra70.com\/wp-content\/uploads\/2026\/01\/speakers-jafra-70_andres-campos-768x768.png 768w\" sizes=\"(max-width: 800px) 100vw, 800px\" \/>\t\t\t\t\t\t\t\t\t\t\t\t\t\t\t<\/div>\n\t\t\t\t<div class=\"elementor-element elementor-element-9b5250e elementor-widget elementor-widget-text-editor\" data-id=\"9b5250e\" data-element_type=\"widget\" data-widget_type=\"text-editor.default\">\n\t\t\t\t\t\t\t\t\t<p><strong>Andr\u00e9s Campos<\/strong><br><em>Director ejecutivo<\/em><\/p>\t\t\t\t\t\t\t\t<\/div>\n\t\t\t\t<\/div>\n\t\t<div class=\"elementor-element elementor-element-1e8b1c1 e-con-full e-flex e-con e-child\" data-id=\"1e8b1c1\" data-element_type=\"container\">\n\t\t\t\t<div class=\"elementor-element elementor-element-1e1f654 animated-slow elementor-invisible elementor-widget elementor-widget-image\" data-id=\"1e1f654\" data-element_type=\"widget\" data-settings=\"{&quot;_animation&quot;:&quot;fadeIn&quot;}\" data-widget_type=\"image.default\">\n\t\t\t\t\t\t\t\t\t\t\t\t\t\t\t<img loading=\"lazy\" decoding=\"async\" width=\"800\" height=\"800\" src=\"https:\/\/jafra70.com\/wp-content\/uploads\/2026\/01\/speakers-jafra-70_maria-gordoa.png\" class=\"attachment-large size-large wp-image-271\" alt=\"\" srcset=\"https:\/\/jafra70.com\/wp-content\/uploads\/2026\/01\/speakers-jafra-70_maria-gordoa.png 800w, https:\/\/jafra70.com\/wp-content\/uploads\/2026\/01\/speakers-jafra-70_maria-gordoa-300x300.png 300w, https:\/\/jafra70.com\/wp-content\/uploads\/2026\/01\/speakers-jafra-70_maria-gordoa-150x150.png 150w, https:\/\/jafra70.com\/wp-content\/uploads\/2026\/01\/speakers-jafra-70_maria-gordoa-768x768.png 768w\" sizes=\"(max-width: 800px) 100vw, 800px\" \/>\t\t\t\t\t\t\t\t\t\t\t\t\t\t\t<\/div>\n\t\t\t\t<div class=\"elementor-element elementor-element-2af9f35 elementor-widget elementor-widget-text-editor\" data-id=\"2af9f35\" data-element_type=\"widget\" data-widget_type=\"text-editor.default\">\n\t\t\t\t\t\t\t\t\t<p><strong>Maria Gordoa<\/strong><br><em>Directora comercial<\/em><\/p>\t\t\t\t\t\t\t\t<\/div>\n\t\t\t\t<\/div>\n\t\t\t\t<\/div>\n\t\t<div class=\"elementor-element elementor-element-3be06f6 e-con-full e-flex e-con e-child\" data-id=\"3be06f6\" data-element_type=\"container\">\n\t\t<div class=\"elementor-element elementor-element-3daffff e-con-full e-flex e-con e-child\" data-id=\"3daffff\" data-element_type=\"container\">\n\t\t\t\t<div class=\"elementor-element elementor-element-c975fb9 animated-slow elementor-invisible elementor-widget elementor-widget-image\" data-id=\"c975fb9\" data-element_type=\"widget\" data-settings=\"{&quot;_animation&quot;:&quot;fadeIn&quot;}\" data-widget_type=\"image.default\">\n\t\t\t\t\t\t\t\t\t\t\t\t\t\t\t<img loading=\"lazy\" decoding=\"async\" width=\"800\" height=\"800\" src=\"https:\/\/jafra70.com\/wp-content\/uploads\/2026\/01\/speakers-jafra-70_linda-castillo.png\" class=\"attachment-large size-large wp-image-272\" alt=\"\" srcset=\"https:\/\/jafra70.com\/wp-content\/uploads\/2026\/01\/speakers-jafra-70_linda-castillo.png 800w, https:\/\/jafra70.com\/wp-content\/uploads\/2026\/01\/speakers-jafra-70_linda-castillo-300x300.png 300w, https:\/\/jafra70.com\/wp-content\/uploads\/2026\/01\/speakers-jafra-70_linda-castillo-150x150.png 150w, https:\/\/jafra70.com\/wp-content\/uploads\/2026\/01\/speakers-jafra-70_linda-castillo-768x768.png 768w\" sizes=\"(max-width: 800px) 100vw, 800px\" \/>\t\t\t\t\t\t\t\t\t\t\t\t\t\t\t<\/div>\n\t\t\t\t<div class=\"elementor-element elementor-element-04192df elementor-widget elementor-widget-text-editor\" data-id=\"04192df\" data-element_type=\"widget\" data-widget_type=\"text-editor.default\">\n\t\t\t\t\t\t\t\t\t<p><strong>Linda Castillo<\/strong><br><em>Directora nacional s\u00e9nior de ventas<\/em><\/p>\t\t\t\t\t\t\t\t<\/div>\n\t\t\t\t<\/div>\n\t\t<div class=\"elementor-element elementor-element-ac5a4eb e-con-full e-flex e-con e-child\" data-id=\"ac5a4eb\" data-element_type=\"container\">\n\t\t\t\t<div class=\"elementor-element elementor-element-67e2720 animated-slow elementor-invisible elementor-widget elementor-widget-image\" data-id=\"67e2720\" data-element_type=\"widget\" data-settings=\"{&quot;_animation&quot;:&quot;fadeIn&quot;}\" data-widget_type=\"image.default\">\n\t\t\t\t\t\t\t\t\t\t\t\t\t\t\t<img loading=\"lazy\" decoding=\"async\" width=\"800\" height=\"800\" src=\"https:\/\/jafra70.com\/wp-content\/uploads\/2026\/01\/speakers-jafra-70_mayam-lillard.png\" class=\"attachment-large size-large wp-image-270\" alt=\"\" srcset=\"https:\/\/jafra70.com\/wp-content\/uploads\/2026\/01\/speakers-jafra-70_mayam-lillard.png 800w, https:\/\/jafra70.com\/wp-content\/uploads\/2026\/01\/speakers-jafra-70_mayam-lillard-300x300.png 300w, https:\/\/jafra70.com\/wp-content\/uploads\/2026\/01\/speakers-jafra-70_mayam-lillard-150x150.png 150w, https:\/\/jafra70.com\/wp-content\/uploads\/2026\/01\/speakers-jafra-70_mayam-lillard-768x768.png 768w\" sizes=\"(max-width: 800px) 100vw, 800px\" \/>\t\t\t\t\t\t\t\t\t\t\t\t\t\t\t<\/div>\n\t\t\t\t<div class=\"elementor-element elementor-element-6cc9a46 elementor-widget elementor-widget-text-editor\" data-id=\"6cc9a46\" data-element_type=\"widget\" data-widget_type=\"text-editor.default\">\n\t\t\t\t\t\t\t\t\t<p><strong>Mayam Lillard<\/strong><br><em>Directora de marketing<\/em><\/p>\t\t\t\t\t\t\t\t<\/div>\n\t\t\t\t<\/div>\n\t\t\t\t<\/div>\n\t\t\t\t\t<\/div>\n\t\t\t\t<\/div>\n\t\t<div class=\"elementor-element elementor-element-3d7fc10 e-flex e-con-boxed e-con e-parent\" data-id=\"3d7fc10\" data-element_type=\"container\" data-settings=\"{&quot;background_background&quot;:&quot;gradient&quot;}\">\n\t\t\t\t\t<div class=\"e-con-inner\">\n\t\t<div class=\"elementor-element elementor-element-121e014 e-con-full e-flex e-con e-child\" data-id=\"121e014\" data-element_type=\"container\">\n\t\t<div class=\"elementor-element elementor-element-92c77cf e-con-full e-flex e-con e-child\" data-id=\"92c77cf\" data-element_type=\"container\">\n\t\t\t\t<div class=\"elementor-element elementor-element-8dcc5d2 elementor-widget elementor-widget-heading\" data-id=\"8dcc5d2\" data-element_type=\"widget\" data-widget_type=\"heading.default\">\n\t\t\t\t\t<h2 class=\"elementor-heading-title elementor-size-default\">Cuenta atr\u00e1s para el evento. Reg\u00edstrate ahora <\/h2>\t\t\t\t<\/div>\n\t\t\t\t<\/div>\n\t\t<div class=\"elementor-element elementor-element-e9c0dfe e-con-full e-flex e-con e-child\" data-id=\"e9c0dfe\" data-element_type=\"container\">\n\t\t\t\t<div class=\"elementor-element elementor-element-457a54e elementor-countdown--label-block elementor-widget elementor-widget-countdown\" data-id=\"457a54e\" data-element_type=\"widget\" data-widget_type=\"countdown.default\">\n\t\t\t\t\t\t\t<div class=\"elementor-countdown-wrapper\" data-date=\"1785830400\">\n\t\t\t<div class=\"elementor-countdown-item\"><span class=\"elementor-countdown-digits elementor-countdown-days\"><\/span> <span class=\"elementor-countdown-label\">D\u00edas<\/span><\/div><div class=\"elementor-countdown-item\"><span class=\"elementor-countdown-digits elementor-countdown-hours\"><\/span> <span class=\"elementor-countdown-label\">Horas<\/span><\/div><div class=\"elementor-countdown-item\"><span class=\"elementor-countdown-digits elementor-countdown-minutes\"><\/span> <span class=\"elementor-countdown-label\">Minutos<\/span><\/div><div class=\"elementor-countdown-item\"><span class=\"elementor-countdown-digits elementor-countdown-seconds\"><\/span> <span class=\"elementor-countdown-label\">Segundos<\/span><\/div>\t\t<\/div>\n\t\t\t\t\t\t<\/div>\n\t\t\t\t<\/div>\n\t\t\t\t<\/div>\n\t\t<div class=\"elementor-element elementor-element-aa4961f e-con-full e-flex e-con e-child\" data-id=\"aa4961f\" data-element_type=\"container\">\n\t\t\t\t<div class=\"elementor-element elementor-element-0876d41 elementor-align-center elementor-widget elementor-widget-button\" data-id=\"0876d41\" data-element_type=\"widget\" data-widget_type=\"button.default\">\n\t\t\t\t\t\t\t\t\t\t<a class=\"elementor-button elementor-button-link elementor-size-sm\" href=\"https:\/\/registration-jafra70.com\/register-form\/es\/steep-one\">\n\t\t\t\t\t\t<span class=\"elementor-button-content-wrapper\">\n\t\t\t\t\t\t\t\t\t<span class=\"elementor-button-text\">\u00a1\u00danete a lo imparable!<\/span>\n\t\t\t\t\t<\/span>\n\t\t\t\t\t<\/a>\n\t\t\t\t\t\t\t\t<\/div>\n\t\t\t\t<\/div>\n\t\t\t\t\t<\/div>\n\t\t\t\t<\/div>\n\t\t\t\t<\/div>\n\t\t","protected":false},"excerpt":{"rendered":"<p>\u00a1Tu a\u00f1o imparable comienza aqu\u00ed! \u00danete al legado que nunca se detiene. Convenci\u00f3n Nacional de JAFRA 2026 4\u20136 de agosto de 2026Hilton Los Angeles \u2013 Universal CityUniversal Studios \u00a1Reg\u00edstrate ahora! Celebrando 70 a\u00f1os de JAFRA Vive nuestra celebraci\u00f3n con acceso exclusivo a un evento privado en Universal Studios Hollywood. Disfruta de acceso completo al parque, [&hellip;]<\/p>\n","protected":false},"author":1,"featured_media":251,"parent":0,"menu_order":0,"comment_status":"closed","ping_status":"closed","template":"","meta":{"footnotes":""},"class_list":["post-249","page","type-page","status-publish","has-post-thumbnail","hentry"],"_links":{"self":[{"href":"https:\/\/jafra70.com\/es\/wp-json\/wp\/v2\/pages\/249","targetHints":{"allow":["GET"]}}],"collection":[{"href":"https:\/\/jafra70.com\/es\/wp-json\/wp\/v2\/pages"}],"about":[{"href":"https:\/\/jafra70.com\/es\/wp-json\/wp\/v2\/types\/page"}],"author":[{"embeddable":true,"href":"https:\/\/jafra70.com\/es\/wp-json\/wp\/v2\/users\/1"}],"replies":[{"embeddable":true,"href":"https:\/\/jafra70.com\/es\/wp-json\/wp\/v2\/comments?post=249"}],"version-history":[{"count":21,"href":"https:\/\/jafra70.com\/es\/wp-json\/wp\/v2\/pages\/249\/revisions"}],"predecessor-version":[{"id":704,"href":"https:\/\/jafra70.com\/es\/wp-json\/wp\/v2\/pages\/249\/revisions\/704"}],"wp:featuredmedia":[{"embeddable":true,"href":"https:\/\/jafra70.com\/es\/wp-json\/wp\/v2\/media\/251"}],"wp:attachment":[{"href":"https:\/\/jafra70.com\/es\/wp-json\/wp\/v2\/media?parent=249"}],"curies":[{"name":"wp","href":"https:\/\/api.w.org\/{rel}","templated":true}]}}